{"id":5,"date":"2016-08-26T15:02:11","date_gmt":"2016-08-26T13:02:11","guid":{"rendered":"http:\/\/komornik-nowasol.pl\/?page_id=5"},"modified":"2019-03-15T11:48:31","modified_gmt":"2019-03-15T10:48:31","slug":"o-kancelarii","status":"publish","type":"page","link":"https:\/\/komornik-nowasol.pl\/","title":{"rendered":"O kancelarii"},"content":{"rendered":"<table style=\"width: 100%\">\n<tbody>\n<tr>\n<td colspan=\"2\" style=\"margin: 10px auto !important;\">\n<h3 style=\"width: 100%; text-align: center !important; font-size: 24px; padding-bottom: 20px !important;\">Komornik S\u0105dowy przy S\u0105dzie Rejonowym w Nowej Soli<br \/>\nKancelaria Komornicza nr I w Nowej Soli<\/h3>\n<\/td>\n<\/tr>\n<tr>\n<td style=\"width: 42%; padding-right: 3%; vertical-align: top;\">\n<strong>Dane teleadresowe<\/strong><\/p>\n<p>Kancelaria w Nowej Soli<br \/>\nul. D\u0142uga 4A<br \/>\n67-100 Nowa S\u00f3l<br \/>\n<em>parter pok\u00f3j nr 1<\/em><\/p>\n<p>tel. 68 387 20 74<br \/>\nfax: 68 387 20 74<br \/>\ne-mail: <a href=\"mailto:nowa.sol2@komornik.pl\">nowa.sol2@komornik.pl<\/a><\/p>\n<p>NIP: 7881879561<br \/>\nRegon: 365004110<\/p>\n<p><strong>Rachunek Bankowy<\/strong><\/p>\n<p>Wp\u0142at mo\u017cna dokonywa\u0107 w kasie kancelarii<br \/>\nlub na rachunek bankowy:<br \/>\nBG\u017b BNP Paribas<br \/>\n02 2030 0045 1110 0000 0028 0690<\/p>\n<p><em>W tytule przelewu prosz\u0119 wpisa\u0107<br \/>\nimi\u0119 i nazwisko d\u0142u\u017cnika oraz sygnatur\u0119 Km.<\/em><\/p>\n<p>Inspektor Ochrony Danych Osobowych:<br \/>\nRoman Kwieci\u0144ski<br \/>\ne-mail: <a href=\"mailto:iod.nowa.sol.001@komornik.pl\">iod.nowa.sol.001@komornik.pl<\/a>\n<\/td>\n<td style=\"width: 52%; padding-right: 3%; vertical-align: top;\">\n<strong>Zakres terytorialny<\/strong><\/p>\n<p>W\u0142a\u015bciwo\u015b\u0107 miejscowa Komornika S\u0105dowego przy S\u0105dzie Rejonowym w Nowej Soli Daniela Ch\u0142opka obejmuje obszar:<\/p>\n<p>&#8211; miasta i gminy Nowa S\u00f3l,<br \/>\n&#8211; gminy Oty\u0144,<br \/>\n&#8211; miasta i gminy Ko\u017cuch\u00f3w,<br \/>\n&#8211; miasta i gminy Nowe Miasteczko,<br \/>\n&#8211; miasta i gminy Bytom Odrza\u0144ski,<br \/>\n&#8211; gminy Siedlisko,<br \/>\n&#8211; gminy Kolsko.<\/p>\n<p>Wierzyciel ma prawo wyboru komornika na obszarze w\u0142a\u015bciwo\u015bci s\u0105du apelacyjnego, na kt\u00f3rym  znajduje si\u0119 siedziba kancelarii komornika (jest to obszar w\u0142a\u015bciwo\u015bci  S\u0105du Apelacyjnego w Poznaniu), z wyj\u0105tkiem spraw o egzekucj\u0119 z nieruchomo\u015bci oraz spraw, w kt\u00f3rych przepisy o egzekucji z nieruchomo\u015bci stosuje si\u0119 odpowiednio (art. 10 uks).<\/p>\n<p>Wierzyciel, dokonuj\u0105c wyboru komornika, sk\u0142ada wraz z wnioskiem o wszcz\u0119cie egzekucji pisemne o\u015bwiadczenie, \u017ce korzysta z prawa wyboru  komornika (art. 10 uks).<\/p>\n<\/td>\n<\/tr>\n<\/tbody>\n<\/table>\n","protected":false},"excerpt":{"rendered":"<p>Komornik S\u0105dowy przy S\u0105dzie Rejonowym w Nowej Soli Kancelaria Komornicza nr I w Nowej Soli Dane teleadresowe Kancelaria w Nowej Soli ul. D\u0142uga 4A 67-100 Nowa S\u00f3l parter pok\u00f3j nr 1 tel. 68 387 20 74 fax: 68 387 20 74 e-mail: nowa.sol2@komornik.pl NIP: 7881879561 Regon: 365004110 Rachunek Bankowy Wp\u0142at mo\u017cna dokonywa\u0107 w kasie kancelarii [&hellip;]<\/p>\n","protected":false},"author":1,"featured_media":0,"parent":0,"menu_order":0,"comment_status":"open","ping_status":"closed","template":"","meta":{"footnotes":""},"class_list":["post-5","page","type-page","status-publish","hentry"],"_links":{"self":[{"href":"https:\/\/komornik-nowasol.pl\/index.php?rest_route=\/wp\/v2\/pages\/5","targetHints":{"allow":["GET"]}}],"collection":[{"href":"https:\/\/komornik-nowasol.pl\/index.php?rest_route=\/wp\/v2\/pages"}],"about":[{"href":"https:\/\/komornik-nowasol.pl\/index.php?rest_route=\/wp\/v2\/types\/page"}],"author":[{"embeddable":true,"href":"https:\/\/komornik-nowasol.pl\/index.php?rest_route=\/wp\/v2\/users\/1"}],"replies":[{"embeddable":true,"href":"https:\/\/komornik-nowasol.pl\/index.php?rest_route=%2Fwp%2Fv2%2Fcomments&post=5"}],"version-history":[{"count":36,"href":"https:\/\/komornik-nowasol.pl\/index.php?rest_route=\/wp\/v2\/pages\/5\/revisions"}],"predecessor-version":[{"id":43,"href":"https:\/\/komornik-nowasol.pl\/index.php?rest_route=\/wp\/v2\/pages\/5\/revisions\/43"}],"wp:attachment":[{"href":"https:\/\/komornik-nowasol.pl\/index.php?rest_route=%2Fwp%2Fv2%2Fmedia&parent=5"}],"curies":[{"name":"wp","href":"https:\/\/api.w.org\/{rel}","templated":true}]}}